{"id":1868,"date":"2020-10-22T10:00:05","date_gmt":"2020-10-22T10:00:05","guid":{"rendered":"https:\/\/www.fjmolina.com\/inicio\/"},"modified":"2023-01-27T10:30:50","modified_gmt":"2023-01-27T10:30:50","slug":"home","status":"publish","type":"page","link":"https:\/\/www.carlopez.es\/en\/","title":{"rendered":"Home"},"content":{"rendered":"\n<div class=\"wp-block-cover alignfull\" style=\"min-height:480px;aspect-ratio:unset;\"><span aria-hidden=\"true\" class=\"wp-block-cover__background has-background-dim-80 has-background-dim\" style=\"background-color:#007991\"><\/span><img decoding=\"async\" class=\"wp-block-cover__image-background wp-image-169\" alt=\"\" src=\"https:\/\/www.carlopez.es\/wp-content\/uploads\/2020\/02\/bg-07-free-img.jpg\" data-object-fit=\"cover\"\/><div class=\"wp-block-cover__inner-container is-layout-flow wp-block-cover-is-layout-flow\">\n<h1 class=\"has-white-color has-text-color wp-block-heading\">About me<\/h1>\n\n\n\n<p>My name is Carolina L\u00f3pez Nicol\u00e1s. In this page you can discover my facet as a teacher and researcher. Besides, you can find my blog with diverse topics and information.<\/p>\n<\/div><\/div>\n\n\n\n<div class=\"inherit-container-width wp-block-group alignfull has-background is-layout-constrained wp-block-group-is-layout-constrained\" style=\"background-color:#f2f8f9\"><div class=\"wp-block-group__inner-container\">\n<div class=\"wp-block-media-text alignwide is-stacked-on-mobile\" style=\"grid-template-columns:24% auto\"><figure class=\"wp-block-media-text__media\"><img loading=\"lazy\" decoding=\"async\" width=\"811\" height=\"1024\" src=\"https:\/\/www.carlopez.es\/wp-content\/uploads\/2023\/01\/2022-carolina-web-1-811x1024.jpg\" alt=\"\" class=\"wp-image-2282 size-full\" srcset=\"https:\/\/www.carlopez.es\/wp-content\/uploads\/2023\/01\/2022-carolina-web-1-811x1024.jpg 811w, https:\/\/www.carlopez.es\/wp-content\/uploads\/2023\/01\/2022-carolina-web-1-237x300.jpg 237w, https:\/\/www.carlopez.es\/wp-content\/uploads\/2023\/01\/2022-carolina-web-1-768x970.jpg 768w, https:\/\/www.carlopez.es\/wp-content\/uploads\/2023\/01\/2022-carolina-web-1-1216x1536.jpg 1216w, https:\/\/www.carlopez.es\/wp-content\/uploads\/2023\/01\/2022-carolina-web-1-1621x2048.jpg 1621w, https:\/\/www.carlopez.es\/wp-content\/uploads\/2023\/01\/2022-carolina-web-1.jpg 1671w\" sizes=\"(max-width: 811px) 100vw, 811px\" \/><\/figure><div class=\"wp-block-media-text__content\">\n<h3 class=\"wp-block-heading\">Learn something new every day<\/h3>\n\n\n\n<p>&#8220;Life is complicated enough to make it harder for others. Help, collaborate, learn and become a better person.&#8221;<\/p>\n\n\n\n<h5 class=\"wp-block-heading\">Carolina L\u00f3pez-Nicol\u00e1s<\/h5>\n\n\n\n<h6 class=\"wp-block-heading\">Full Professor<\/h6>\n\n\n\n<p><a href=\"https:\/\/www.um.es\" target=\"_blank\" rel=\"noreferrer noopener\">University of Murcia<\/a><\/p>\n<\/div><\/div>\n<\/div><\/div>\n\n\n\n<div class=\"wp-block-uagb-advanced-heading uagb-block-1cf9aa2f\"><h2 class=\"uagb-heading-text\">BIO<\/h2><div class=\"uagb-separator\"><\/div><p class=\"uagb-desc-text\">I am Carolina L\u00f3pez Nicol\u00e1s, Full Professor in the Department of Management and Finance at the University of Murcia. I have been visiting professor at Delft University of Technology (The Netherlands) and Michigan State University (USA). I studied Business Administration at the University of Murcia and BA Accounting and Finance in Europe at Manchester Metropolitan University. The Doctoral Thesis received the qualification of outstanding cum laudem unanimously and, in addition, the distinction of European doctorate.<br>My research activity has a clear international focus by working with teams from several countries. In addition, I have actively and continuously participated in 9 research projects, all of them obtained through competitive calls and funded by national (Ministry of Science and Innovation) and European (European Social Fund, European Commission) public entities. In addition, I was awarded three research sections (national sexenios). My academic work has been complemented with the transfer of knowledge to the productive sector through various articles, books, courses and conferences. I have been a member of various international organizations (IIIS, AMA, EMAC), a reviewer of several international scientific journals and an evaluator of papers for different congresses.<br>As a lecturer, I teach subjects in different undergraduate and postgraduate degrees, in English and Spanish, both at the University of Murcia and other European universities. I coordinate the Teaching Innovation Group in Business Economics where several professors develop educational projects of gamification, active and innovative methodologies in our classes.<br>In addition to my dedication to the areas of research and teaching that I expand on below, my management experience has followed a growing trend in recent years. I am a member of various governing bodies in several faculties of the University of Murcia, and coordinator of several official masters. Since 2022, I am the coordinator of long-life learning in the Vice-Rectorate of Continuing Education at the University of Murcia. I am also a tutor of Erasmus students in the Faculty of Economics and Business exchanges with several European universities. I have actively participated in the organizing committee of several conferences (ACEDE 2004, MSKE 2009 and 2011).<\/p><\/div>\n\n\n\n<div class=\"inherit-container-width wp-block-group alignfull has-white-background-color has-background is-layout-constrained wp-block-group-is-layout-constrained\"><div class=\"wp-block-group__inner-container\">\n<div class=\"wp-block-columns are-vertically-aligned-center is-layout-flex wp-container-core-columns-is-layout-1 wp-block-columns-is-layout-flex\">\n<div class=\"wp-block-column is-vertically-aligned-center is-layout-flow wp-block-column-is-layout-flow\" style=\"flex-basis:33.33%\">\n<h2 class=\"wp-block-heading\">Research areas<\/h2>\n<\/div>\n\n\n\n<div class=\"wp-block-column is-vertically-aligned-center is-layout-flow wp-block-column-is-layout-flow\" style=\"flex-basis:66.66%\">\n<p>My research interests relate to knowledge management, strategy, technological innovation, information systems, e-business, mobile technologies and business models.<\/p>\n\n\n\n<p>On these topics, I have published in leading scientific journals such as Information &amp; Management, Journal of Knowledge Management, Service Industries Journal, International Journal of Information Management, European Management Journal, among others. I have presented more than 80 papers at the most important national and international congresses in the area of business administration and information systems. The quality of the papers presented at these conferences has been recognized on several occasions by being winner and finalist of various awards.<\/p>\n\n\n\n<p>Visit the <a href=\"https:\/\/www.fjmolina.com\/en\/publications\/\" title=\"Publications\">publications<\/a> section to learn more about my work.<\/p>\n<\/div>\n<\/div>\n<\/div><\/div>\n\n\n\n<div class=\"inherit-container-width wp-block-group alignfull has-white-background-color has-background is-layout-constrained wp-block-group-is-layout-constrained\"><div class=\"wp-block-group__inner-container\">\n<div class=\"wp-block-columns are-vertically-aligned-top is-layout-flex wp-container-core-columns-is-layout-2 wp-block-columns-is-layout-flex\">\n<div class=\"wp-block-column is-vertically-aligned-top is-layout-flow wp-block-column-is-layout-flow\" style=\"flex-basis:33.33%\">\n<h2 class=\"wp-block-heading\">Teaching areas<\/h2>\n<\/div>\n\n\n\n<div class=\"wp-block-column is-vertically-aligned-top is-layout-flow wp-block-column-is-layout-flow\" style=\"flex-basis:66.66%\">\n<p>Since 2002 I have taught business administration, organizational design, information systems and e-business in different faculties of the University of Murcia. In all cases, I have obtained a positive evaluation close to the maximum score. <\/p>\n\n\n\n<p>After obtaining my PhD degree in 2007, I teach postgraduate courses at the University of Murcia in scientific Masters (such as the Master in Business Sciences, quality mention from ANECA) and professional (Master in Business Administration and Management MBA, Master in Bioinformatics, Master in Digital and Analytical Marketing). I have also taught postgraduate courses in European universities such as Delft University of Technology and the University of Glasgow. I have participated in several educational innovation projects and taught in English and Spanish at the University of Murcia. I have supervised more than 40 Master&#8217;s thesis and final projects.<\/p>\n\n\n\n<p>Visit the <a href=\"https:\/\/www.fjmolina.com\/en\/teaching\/\" title=\"Teaching\">teaching<\/a> section for my books and book chapters.<\/p>\n\n\n\n<p>Do not forget to visit my <a href=\"https:\/\/www.fjmolina.com\/en\/tag\/blog\/\" title=\"blog\">blog<\/a>.<\/p>\n<\/div>\n<\/div>\n<\/div><\/div>\n\n\n\n<div class=\"wp-block-cover alignfull is-light has-parallax\" style=\"min-height:350px;aspect-ratio:unset;\"><span aria-hidden=\"true\" class=\"wp-block-cover__background has-background-dim-80 has-background-dim\" style=\"background-color:#ededed\"><\/span><div role=\"img\" class=\"wp-block-cover__image-background wp-image-242 has-parallax\" style=\"background-position:50% 50%;background-image:url(https:\/\/www.fjmolina.com\/wp-content\/uploads\/2020\/02\/bg-09-free-img.jpg)\"><\/div><div class=\"wp-block-cover__inner-container is-layout-flow wp-block-cover-is-layout-flow\">\n<div class=\"wp-block-columns is-layout-flex wp-container-core-columns-is-layout-3 wp-block-columns-is-layout-flex\">\n<div class=\"wp-block-column is-layout-flow wp-block-column-is-layout-flow\">\n<figure class=\"wp-block-image aligncenter size-large is-resized\"><img loading=\"lazy\" decoding=\"async\" src=\"https:\/\/www.carlopez.es\/wp-content\/uploads\/2020\/10\/crown.png\" alt=\"Phd\" class=\"wp-image-787\" width=\"45\" height=\"45\"\/><\/figure>\n\n\n\n<h4 class=\"has-text-align-center has-black-color has-text-color wp-block-heading\">Phd Management University of Murcia<\/h4>\n\n\n\n<p class=\"has-text-align-center\">Cum Laude, European Doctorate<\/p>\n<\/div>\n\n\n\n<div class=\"wp-block-column is-layout-flow wp-block-column-is-layout-flow\">\n<figure class=\"wp-block-image aligncenter size-large is-resized\"><img loading=\"lazy\" decoding=\"async\" src=\"https:\/\/www.carlopez.es\/wp-content\/uploads\/2020\/10\/badge.png\" alt=\"Degree\" class=\"wp-image-1259\" width=\"45\" height=\"45\"\/><\/figure>\n\n\n\n<h4 class=\"has-text-align-center has-black-color has-text-color wp-block-heading\">Degree Business Administration<\/h4>\n\n\n\n<p class=\"has-text-align-center has-text-color\" style=\"color:#22323d\"><a href=\"https:\/\/www.um.es\" target=\"_blank\" rel=\"noreferrer noopener\">University of Murcia<\/a><\/p>\n<\/div>\n\n\n\n<div class=\"wp-block-column is-layout-flow wp-block-column-is-layout-flow\">\n<figure class=\"wp-block-image aligncenter size-large is-resized\"><img loading=\"lazy\" decoding=\"async\" src=\"https:\/\/www.carlopez.es\/wp-content\/uploads\/2020\/10\/badge.png\" alt=\"Degree\" class=\"wp-image-1259\" width=\"45\" height=\"45\"\/><\/figure>\n\n\n\n<h4 class=\"has-text-align-center has-black-color has-text-color wp-block-heading\">BA (Honours) Accounting and Finance in Europe<\/h4>\n\n\n\n<p class=\"has-text-align-center has-text-color\" style=\"color:#22323d\"><a href=\"https:\/\/www.mmu.ac.uk\" target=\"_blank\" rel=\"noreferrer noopener\">Manchester Metropolitan University<\/a><\/p>\n<\/div>\n<\/div>\n<\/div><\/div>\n\n\n\n<div class=\"inherit-container-width wp-block-group alignfull has-white-background-color has-background is-layout-constrained wp-block-group-is-layout-constrained\"><div class=\"wp-block-group__inner-container\">\n<div class=\"wp-block-columns are-vertically-aligned-top is-layout-flex wp-container-core-columns-is-layout-4 wp-block-columns-is-layout-flex\">\n<div class=\"wp-block-column is-vertically-aligned-top is-layout-flow wp-block-column-is-layout-flow\" style=\"flex-basis:33.33%\">\n<h2 class=\"wp-block-heading\">Visiting Professor<\/h2>\n<\/div>\n\n\n\n<div class=\"wp-block-column is-vertically-aligned-top is-layout-flow wp-block-column-is-layout-flow\" style=\"flex-basis:66.66%\">\n<p><img loading=\"lazy\" decoding=\"async\" width=\"75\" height=\"18\" class=\"wp-image-1738\" style=\"width: 75px;\" src=\"https:\/\/www.carlopez.es\/wp-content\/uploads\/2021\/04\/logo_horizonal_green.png\" alt=\"MSU logo\" srcset=\"https:\/\/www.carlopez.es\/wp-content\/uploads\/2021\/04\/logo_horizonal_green.png 1029w, https:\/\/www.carlopez.es\/wp-content\/uploads\/2021\/04\/logo_horizonal_green-300x73.png 300w, https:\/\/www.carlopez.es\/wp-content\/uploads\/2021\/04\/logo_horizonal_green-1024x248.png 1024w, https:\/\/www.carlopez.es\/wp-content\/uploads\/2021\/04\/logo_horizonal_green-768x186.png 768w\" sizes=\"(max-width: 75px) 100vw, 75px\" \/>  <a href=\"https:\/\/msu.edu\" target=\"_blank\" rel=\"noreferrer noopener\">Michigan State University (United States)<\/a><\/p>\n\n\n\n<p><img loading=\"lazy\" decoding=\"async\" width=\"75\" height=\"32\" class=\"wp-image-1726\" style=\"width: 75px;\" src=\"https:\/\/www.carlopez.es\/wp-content\/uploads\/2021\/04\/tu-delft.jpg\" alt=\"Tudelft Logo\" srcset=\"https:\/\/www.carlopez.es\/wp-content\/uploads\/2021\/04\/tu-delft.jpg 484w, https:\/\/www.carlopez.es\/wp-content\/uploads\/2021\/04\/tu-delft-300x128.jpg 300w\" sizes=\"(max-width: 75px) 100vw, 75px\" \/>  <a href=\"https:\/\/www.tudelft.nl\" target=\"_blank\" rel=\"noreferrer noopener\">Delft University of Technology (The Netherlands)<\/a><\/p>\n\n\n\n<p><\/p>\n<\/div>\n<\/div>\n<\/div><\/div>\n\n\n","protected":false},"excerpt":{"rendered":"<p>Learn something new every day &#8220;Life is complicated enough to make it harder for others. Help, collaborate, learn and become a better person.&#8221; Carolina L\u00f3pez-Nicol\u00e1s Full Professor University of Murcia BIO I am Carolina L\u00f3pez Nicol\u00e1s, Full Professor in the Department of Management and Finance at the University of Murcia. I have been visiting professor [&hellip;]<\/p>\n<div class='heateorSssClear'><\/div><div  class='heateor_sss_sharing_container heateor_sss_horizontal_sharing' data-heateor-sss-href='https:\/\/www.carlopez.es\/en\/'><div class='heateor_sss_sharing_title' style=\"font-weight:bold\" >Compartir<\/div><div class=\"heateor_sss_sharing_ul\"><a aria-label=\"Facebook\" class=\"heateor_sss_facebook\" href=\"https:\/\/www.facebook.com\/sharer\/sharer.php?u=https%3A%2F%2Fwww.carlopez.es%2Fen%2F\" title=\"Facebook\" rel=\"nofollow noopener\" target=\"_blank\" style=\"font-size:32px!important;box-shadow:none;display:inline-block;vertical-align:middle\"><span class=\"heateor_sss_svg\" style=\"background-color:#0765FE;width:35px;height:35px;border-radius:999px;display:inline-block;opacity:1;float:left;font-size:32px;box-shadow:none;display:inline-block;font-size:16px;padding:0 4px;vertical-align:middle;background-repeat:repeat;overflow:hidden;padding:0;cursor:pointer;box-sizing:content-box\"><svg style=\"display:block;border-radius:999px;\" focusable=\"false\" aria-hidden=\"true\" xmlns=\"http:\/\/www.w3.org\/2000\/svg\" width=\"100%\" height=\"100%\" viewBox=\"0 0 32 32\"><path fill=\"#fff\" d=\"M28 16c0-6.627-5.373-12-12-12S4 9.373 4 16c0 5.628 3.875 10.35 9.101 11.647v-7.98h-2.474V16H13.1v-1.58c0-4.085 1.849-5.978 5.859-5.978.76 0 2.072.15 2.608.298v3.325c-.283-.03-.775-.045-1.386-.045-1.967 0-2.728.745-2.728 2.683V16h3.92l-.673 3.667h-3.247v8.245C23.395 27.195 28 22.135 28 16Z\"><\/path><\/svg><\/span><\/a><a aria-label=\"Twitter\" class=\"heateor_sss_button_twitter\" href=\"https:\/\/twitter.com\/intent\/tweet?text=Home&url=https%3A%2F%2Fwww.carlopez.es%2Fen%2F\" title=\"Twitter\" rel=\"nofollow noopener\" target=\"_blank\" style=\"font-size:32px!important;box-shadow:none;display:inline-block;vertical-align:middle\"><span class=\"heateor_sss_svg heateor_sss_s__default heateor_sss_s_twitter\" style=\"background-color:#55acee;width:35px;height:35px;border-radius:999px;display:inline-block;opacity:1;float:left;font-size:32px;box-shadow:none;display:inline-block;font-size:16px;padding:0 4px;vertical-align:middle;background-repeat:repeat;overflow:hidden;padding:0;cursor:pointer;box-sizing:content-box\"><svg style=\"display:block;border-radius:999px;\" focusable=\"false\" aria-hidden=\"true\" xmlns=\"http:\/\/www.w3.org\/2000\/svg\" width=\"100%\" height=\"100%\" viewBox=\"-4 -4 39 39\"><path d=\"M28 8.557a9.913 9.913 0 0 1-2.828.775 4.93 4.93 0 0 0 2.166-2.725 9.738 9.738 0 0 1-3.13 1.194 4.92 4.92 0 0 0-3.593-1.55 4.924 4.924 0 0 0-4.794 6.049c-4.09-.21-7.72-2.17-10.15-5.15a4.942 4.942 0 0 0-.665 2.477c0 1.71.87 3.214 2.19 4.1a4.968 4.968 0 0 1-2.23-.616v.06c0 2.39 1.7 4.38 3.952 4.83-.414.115-.85.174-1.297.174-.318 0-.626-.03-.928-.086a4.935 4.935 0 0 0 4.6 3.42 9.893 9.893 0 0 1-6.114 2.107c-.398 0-.79-.023-1.175-.068a13.953 13.953 0 0 0 7.55 2.213c9.056 0 14.01-7.507 14.01-14.013 0-.213-.005-.426-.015-.637.96-.695 1.795-1.56 2.455-2.55z\" fill=\"#fff\"><\/path><\/svg><\/span><\/a><a aria-label=\"Linkedin\" class=\"heateor_sss_button_linkedin\" href=\"https:\/\/www.linkedin.com\/sharing\/share-offsite\/?url=https%3A%2F%2Fwww.carlopez.es%2Fen%2F\" title=\"Linkedin\" rel=\"nofollow noopener\" target=\"_blank\" style=\"font-size:32px!important;box-shadow:none;display:inline-block;vertical-align:middle\"><span class=\"heateor_sss_svg heateor_sss_s__default heateor_sss_s_linkedin\" style=\"background-color:#0077b5;width:35px;height:35px;border-radius:999px;display:inline-block;opacity:1;float:left;font-size:32px;box-shadow:none;display:inline-block;font-size:16px;padding:0 4px;vertical-align:middle;background-repeat:repeat;overflow:hidden;padding:0;cursor:pointer;box-sizing:content-box\"><svg style=\"display:block;border-radius:999px;\" focusable=\"false\" aria-hidden=\"true\" xmlns=\"http:\/\/www.w3.org\/2000\/svg\" width=\"100%\" height=\"100%\" viewBox=\"0 0 32 32\"><path d=\"M6.227 12.61h4.19v13.48h-4.19V12.61zm2.095-6.7a2.43 2.43 0 0 1 0 4.86c-1.344 0-2.428-1.09-2.428-2.43s1.084-2.43 2.428-2.43m4.72 6.7h4.02v1.84h.058c.56-1.058 1.927-2.176 3.965-2.176 4.238 0 5.02 2.792 5.02 6.42v7.395h-4.183v-6.56c0-1.564-.03-3.574-2.178-3.574-2.18 0-2.514 1.7-2.514 3.46v6.668h-4.187V12.61z\" fill=\"#fff\"><\/path><\/svg><\/span><\/a><a aria-label=\"Pinterest\" class=\"heateor_sss_button_pinterest\" href=\"https:\/\/www.carlopez.es\/en\/\" onclick=\"event.preventDefault();javascript:void( (function() {var e=document.createElement('script' );e.setAttribute('type','text\/javascript' );e.setAttribute('charset','UTF-8' );e.setAttribute('src','\/\/assets.pinterest.com\/js\/pinmarklet.js?r='+Math.random()*99999999);document.body.appendChild(e)})());\" title=\"Pinterest\" rel=\"noopener\" style=\"font-size:32px!important;box-shadow:none;display:inline-block;vertical-align:middle\"><span class=\"heateor_sss_svg heateor_sss_s__default heateor_sss_s_pinterest\" style=\"background-color:#cc2329;width:35px;height:35px;border-radius:999px;display:inline-block;opacity:1;float:left;font-size:32px;box-shadow:none;display:inline-block;font-size:16px;padding:0 4px;vertical-align:middle;background-repeat:repeat;overflow:hidden;padding:0;cursor:pointer;box-sizing:content-box\"><svg style=\"display:block;border-radius:999px;\" focusable=\"false\" aria-hidden=\"true\" xmlns=\"http:\/\/www.w3.org\/2000\/svg\" width=\"100%\" height=\"100%\" viewBox=\"-2 -2 35 35\"><path fill=\"#fff\" d=\"M16.539 4.5c-6.277 0-9.442 4.5-9.442 8.253 0 2.272.86 4.293 2.705 5.046.303.125.574.005.662-.33.061-.231.205-.816.27-1.06.088-.331.053-.447-.191-.736-.532-.627-.873-1.439-.873-2.591 0-3.338 2.498-6.327 6.505-6.327 3.548 0 5.497 2.168 5.497 5.062 0 3.81-1.686 7.025-4.188 7.025-1.382 0-2.416-1.142-2.085-2.545.397-1.674 1.166-3.48 1.166-4.689 0-1.081-.581-1.983-1.782-1.983-1.413 0-2.548 1.462-2.548 3.419 0 1.247.421 2.091.421 2.091l-1.699 7.199c-.505 2.137-.076 4.755-.039 5.019.021.158.223.196.314.077.13-.17 1.813-2.247 2.384-4.324.162-.587.929-3.631.929-3.631.46.876 1.801 1.646 3.227 1.646 4.247 0 7.128-3.871 7.128-9.053.003-3.918-3.317-7.568-8.361-7.568z\"\/><\/svg><\/span><\/a><a aria-label=\"Whatsapp\" class=\"heateor_sss_whatsapp\" href=\"https:\/\/api.whatsapp.com\/send?text=Home%20https%3A%2F%2Fwww.carlopez.es%2Fen%2F\" title=\"Whatsapp\" rel=\"nofollow noopener\" target=\"_blank\" style=\"font-size:32px!important;box-shadow:none;display:inline-block;vertical-align:middle\"><span class=\"heateor_sss_svg\" style=\"background-color:#55eb4c;width:35px;height:35px;border-radius:999px;display:inline-block;opacity:1;float:left;font-size:32px;box-shadow:none;display:inline-block;font-size:16px;padding:0 4px;vertical-align:middle;background-repeat:repeat;overflow:hidden;padding:0;cursor:pointer;box-sizing:content-box\"><svg style=\"display:block;border-radius:999px;\" focusable=\"false\" aria-hidden=\"true\" xmlns=\"http:\/\/www.w3.org\/2000\/svg\" width=\"100%\" height=\"100%\" viewBox=\"-6 -5 40 40\"><path class=\"heateor_sss_svg_stroke heateor_sss_no_fill\" stroke=\"#fff\" stroke-width=\"2\" fill=\"none\" d=\"M 11.579798566743314 24.396926207859085 A 10 10 0 1 0 6.808479557110079 20.73576436351046\"><\/path><path d=\"M 7 19 l -1 6 l 6 -1\" class=\"heateor_sss_no_fill heateor_sss_svg_stroke\" stroke=\"#fff\" stroke-width=\"2\" fill=\"none\"><\/path><path d=\"M 10 10 q -1 8 8 11 c 5 -1 0 -6 -1 -3 q -4 -3 -5 -5 c 4 -2 -1 -5 -1 -4\" fill=\"#fff\"><\/path><\/svg><\/span><\/a><a aria-label=\"Gmail\" class=\"heateor_sss_button_google_gmail\" href=\"https:\/\/mail.google.com\/mail\/?ui=2&view=cm&fs=1&tf=1&su=Home&body=Link:https%3A%2F%2Fwww.carlopez.es%2Fen%2F\" title=\"Google Gmail\" rel=\"nofollow noopener\" target=\"_blank\" style=\"font-size:32px!important;box-shadow:none;display:inline-block;vertical-align:middle\"><span class=\"heateor_sss_svg heateor_sss_s__default heateor_sss_s_Google_Gmail\" style=\"background-color:#e5e5e5;width:35px;height:35px;border-radius:999px;display:inline-block;opacity:1;float:left;font-size:32px;box-shadow:none;display:inline-block;font-size:16px;padding:0 4px;vertical-align:middle;background-repeat:repeat;overflow:hidden;padding:0;cursor:pointer;box-sizing:content-box\"><svg style=\"display:block;border-radius:999px;\" focusable=\"false\" aria-hidden=\"true\" xmlns=\"http:\/\/www.w3.org\/2000\/svg\" width=\"100%\" height=\"100%\" viewBox=\"0 0 32 32\"><path fill=\"#fff\" d=\"M2.902 6.223h26.195v19.554H2.902z\"><\/path><path fill=\"#E14C41\" class=\"heateor_sss_no_fill\" d=\"M2.902 25.777h26.195V6.223H2.902v19.554zm22.44-4.007v3.806H6.955v-3.6h.032l.093-.034 6.9-5.558 2.09 1.77 1.854-1.63 7.42 5.246zm0-.672l-7.027-4.917 7.028-6.09V21.1zm-1.17-14.67l-.947.905c-2.356 2.284-4.693 4.75-7.17 6.876l-.078.06L8.062 6.39l16.11.033zm-10.597 9.61l-6.62 5.294.016-10.914 6.607 5.62\"><\/path><\/svg><\/span><\/a><\/div><div class=\"heateorSssClear\"><\/div><\/div><div class='heateorSssClear'><\/div>","protected":false},"author":1,"featured_media":0,"parent":0,"menu_order":0,"comment_status":"closed","ping_status":"closed","template":"","meta":{"_uag_custom_page_level_css":"","site-sidebar-layout":"no-sidebar","site-content-layout":"plain-container","ast-site-content-layout":"","site-content-style":"default","site-sidebar-style":"default","ast-global-header-display":"","ast-banner-title-visibility":"","ast-main-header-display":"","ast-hfb-above-header-display":"","ast-hfb-below-header-display":"","ast-hfb-mobile-header-display":"","site-post-title":"disabled","ast-breadcrumbs-content":"disabled","ast-featured-img":"disabled","footer-sml-layout":"","theme-transparent-header-meta":"enabled","adv-header-id-meta":"","stick-header-meta":"default","header-above-stick-meta":"","header-main-stick-meta":"","header-below-stick-meta":"","astra-migrate-meta-layouts":"default","ast-page-background-enabled":"default","ast-page-background-meta":{"desktop":{"background-color":"","background-image":"","background-repeat":"repeat","background-position":"center center","background-size":"auto","background-attachment":"scroll","background-type":"","background-media":"","overlay-type":"","overlay-color":"","overlay-gradient":""},"tablet":{"background-color":"","background-image":"","background-repeat":"repeat","background-position":"center center","background-size":"auto","background-attachment":"scroll","background-type":"","background-media":"","overlay-type":"","overlay-color":"","overlay-gradient":""},"mobile":{"background-color":"","background-image":"","background-repeat":"repeat","background-position":"center center","background-size":"auto","background-attachment":"scroll","background-type":"","background-media":"","overlay-type":"","overlay-color":"","overlay-gradient":""}},"ast-content-background-meta":{"desktop":{"background-color":"var(--ast-global-color-5)","background-image":"","background-repeat":"repeat","background-position":"center center","background-size":"auto","background-attachment":"scroll","background-type":"","background-media":"","overlay-type":"","overlay-color":"","overlay-gradient":""},"tablet":{"background-color":"var(--ast-global-color-5)","background-image":"","background-repeat":"repeat","background-position":"center center","background-size":"auto","background-attachment":"scroll","background-type":"","background-media":"","overlay-type":"","overlay-color":"","overlay-gradient":""},"mobile":{"background-color":"var(--ast-global-color-5)","background-image":"","background-repeat":"repeat","background-position":"center center","background-size":"auto","background-attachment":"scroll","background-type":"","background-media":"","overlay-type":"","overlay-color":"","overlay-gradient":""}},"footnotes":""},"aioseo_notices":[],"uagb_featured_image_src":{"full":false,"thumbnail":false,"medium":false,"medium_large":false,"large":false,"1536x1536":false,"2048x2048":false},"uagb_author_info":{"display_name":"Francisco Jose Molina Castillo","author_link":"https:\/\/www.carlopez.es\/en\/author\/admin\/"},"uagb_comment_info":0,"uagb_excerpt":"Learn something new every day &#8220;Life is complicated enough to make it harder for others. Help, collaborate, learn and become a better person.&#8221; Carolina L\u00f3pez-Nicol\u00e1s Full Professor University of Murcia BIO I am Carolina L\u00f3pez Nicol\u00e1s, Full Professor in the Department of Management and Finance at the University of Murcia. I have been visiting professor&hellip;","_links":{"self":[{"href":"https:\/\/www.carlopez.es\/en\/wp-json\/wp\/v2\/pages\/1868"}],"collection":[{"href":"https:\/\/www.carlopez.es\/en\/wp-json\/wp\/v2\/pages"}],"about":[{"href":"https:\/\/www.carlopez.es\/en\/wp-json\/wp\/v2\/types\/page"}],"author":[{"embeddable":true,"href":"https:\/\/www.carlopez.es\/en\/wp-json\/wp\/v2\/users\/1"}],"replies":[{"embeddable":true,"href":"https:\/\/www.carlopez.es\/en\/wp-json\/wp\/v2\/comments?post=1868"}],"version-history":[{"count":52,"href":"https:\/\/www.carlopez.es\/en\/wp-json\/wp\/v2\/pages\/1868\/revisions"}],"predecessor-version":[{"id":2292,"href":"https:\/\/www.carlopez.es\/en\/wp-json\/wp\/v2\/pages\/1868\/revisions\/2292"}],"wp:attachment":[{"href":"https:\/\/www.carlopez.es\/en\/wp-json\/wp\/v2\/media?parent=1868"}],"curies":[{"name":"wp","href":"https:\/\/api.w.org\/{rel}","templated":true}]}}